{"id":70079,"date":"2026-03-20T12:23:03","date_gmt":"2026-03-20T10:23:03","guid":{"rendered":"https:\/\/jeju.md\/?post_type=product&#038;p=70079"},"modified":"2026-04-06T19:07:56","modified_gmt":"2026-04-06T16:07:56","slug":"vt-mild-reedle-shot-50-2-step-mask-1ea","status":"publish","type":"product","link":"https:\/\/jeju.md\/ro\/catalog\/altele\/bestseller\/vt-mild-reedle-shot-50-2-step-mask-1ea\/","title":{"rendered":"VT Mild Reedle Shot 50 2-Step Mask 1ea"},"content":{"rendered":"\n<h2 class=\"wp-block-heading\">VT Mild Reedle Shot 50 2-Step Mask 1ea <\/h2>\n\n\n\n<p id=\"p-rc_ca3744705bf422b7-19\">VT Mild Reedle Shot 50 2-Step Mask este un tratament intensiv \u00een doi pa\u0219i, conceput pentru a maximiza absorb\u021bia ingredientelor active \u0219i pentru a \u00eembun\u0103t\u0103\u021bi vizibil textura pielii, fiind varianta cea mai bl\u00e2nd\u0103 din gama revolu\u021bionar\u0103 \u201eReedle Shot\u201d.<\/p>\n\n\n\n<p>Spre deosebire de m\u0103\u0219tile clasice, acest produs utilizeaz\u0103 o tehnologie de micro-stimulare pentru a \u201edeschide\u201d c\u0103ile de absorb\u021bie ale pielii, fiind ideal pentru persoanele cu ten sensibil care doresc un efect de regenerare profund\u0103 (skin resurfacing) la domiciliu.<\/p>\n\n\n\n<h3 class=\"wp-block-heading\">Structura \u00een 2 Pa\u0219i<\/h3>\n\n\n\n<p>Aceast\u0103 masc\u0103 func\u021bioneaz\u0103 printr-un sistem secven\u021bial care preg\u0103te\u0219te pielea \u00eenainte de aplicarea hidrat\u0103rii:<\/p>\n\n\n\n<h4 class=\"wp-block-heading\">Pasul 1: VT Mild Reedle Shot 50 (Esen\u021b\u0103 de baz\u0103)<\/h4>\n\n\n\n<ul class=\"wp-block-list\">\n<li><strong>Tehnologia Cica Reedle\u2122:<\/strong> Con\u021bine micro-ace minerale (spicule extrase din bure\u021bi marini) de dimensiuni nanometrice, care sunt \u00eenvelite \u00een extract de <strong>Centella Asiatica<\/strong>.<\/li>\n\n\n\n<li><strong>Ac\u021biune:<\/strong> La aplicare, ve\u021bi sim\u021bi o u\u0219oar\u0103 senza\u021bie de furnic\u0103tur\u0103. Aceasta este normal\u0103 \u0219i indic\u0103 faptul c\u0103 micro-acele creeaz\u0103 canale microscopice \u00een stratul cornos, permi\u021b\u00e2nd ingredientelor active s\u0103 p\u0103trund\u0103 mult mai ad\u00e2nc dec\u00e2t printr-o aplicare topic\u0103 obi\u0219nuit\u0103.<\/li>\n\n\n\n<li><strong>Concentra\u021bia 50:<\/strong> Este cea mai mic\u0103 \u0219i mai sigur\u0103 concentra\u021bie, fiind potrivit\u0103 pentru utilizare frecvent\u0103 sau pentru cei care folosesc acest tip de tehnologie pentru prima dat\u0103.<\/li>\n<\/ul>\n\n\n\n<h4 class=\"wp-block-heading\">Pasul 2: Reedle Shot Balance Mask (Masc\u0103 \u0219erve\u021bel)<\/h4>\n\n\n\n<ul class=\"wp-block-list\">\n<li><strong>Hidratare \u0219i Calmare:<\/strong> Dup\u0103 ce \u201ecanalele\u201d au fost create de Pasul 1, aceast\u0103 masc\u0103 livreaz\u0103 un amestec bogat de ingrediente calmante.<\/li>\n\n\n\n<li><strong>Ingrediente:<\/strong> Con\u021bine de obicei <strong>Acid Hialuronic<\/strong>, <strong>Aminoacizi<\/strong> \u0219i <strong>Ceramide<\/strong> pentru a reface bariera de protec\u021bie \u0219i a calma orice irita\u021bie indus\u0103 de micro-stimulare.<\/li>\n\n\n\n<li><strong>Efect:<\/strong> Sigileaz\u0103 hidratarea \u0219i las\u0103 tenul cu un aspect plin \u0219i luminos.<\/li>\n<\/ul>\n\n\n\n<figure class=\"wp-block-image size-large\"><img fetchpriority=\"high\" decoding=\"async\" width=\"1024\" height=\"1024\" src=\"https:\/\/jeju.md\/wp-content\/uploads\/2026\/03\/VT-Mild-Reedle-Shot-50-2-Step-Mask-1ea-3-1024x1024.png\" alt=\"\" class=\"wp-image-70081\" srcset=\"https:\/\/jeju.md\/wp-content\/uploads\/2026\/03\/VT-Mild-Reedle-Shot-50-2-Step-Mask-1ea-3-1024x1024.png 1024w, https:\/\/jeju.md\/wp-content\/uploads\/2026\/03\/VT-Mild-Reedle-Shot-50-2-Step-Mask-1ea-3-300x300.png 300w, https:\/\/jeju.md\/wp-content\/uploads\/2026\/03\/VT-Mild-Reedle-Shot-50-2-Step-Mask-1ea-3-150x150.png 150w, https:\/\/jeju.md\/wp-content\/uploads\/2026\/03\/VT-Mild-Reedle-Shot-50-2-Step-Mask-1ea-3-768x768.png 768w, https:\/\/jeju.md\/wp-content\/uploads\/2026\/03\/VT-Mild-Reedle-Shot-50-2-Step-Mask-1ea-3-12x12.png 12w, https:\/\/jeju.md\/wp-content\/uploads\/2026\/03\/VT-Mild-Reedle-Shot-50-2-Step-Mask-1ea-3-990x990.png 990w, https:\/\/jeju.md\/wp-content\/uploads\/2026\/03\/VT-Mild-Reedle-Shot-50-2-Step-Mask-1ea-3-441x441.png 441w, https:\/\/jeju.md\/wp-content\/uploads\/2026\/03\/VT-Mild-Reedle-Shot-50-2-Step-Mask-1ea-3-100x100.png 100w, https:\/\/jeju.md\/wp-content\/uploads\/2026\/03\/VT-Mild-Reedle-Shot-50-2-Step-Mask-1ea-3-800x800.png 800w, https:\/\/jeju.md\/wp-content\/uploads\/2026\/03\/VT-Mild-Reedle-Shot-50-2-Step-Mask-1ea-3.png 1500w\" sizes=\"(max-width: 1024px) 100vw, 1024px\" \/><\/figure>\n\n\n\n<h3 class=\"wp-block-heading\">Beneficii<\/h3>\n\n\n\n<ul class=\"wp-block-list\">\n<li><strong>Absorb\u021bie Superioar\u0103:<\/strong> Cre\u0219te eficien\u021ba produselor aplicate ulterior prin penetrarea straturilor profunde.<\/li>\n\n\n\n<li><strong>Rafinarea Porilor:<\/strong> Ajut\u0103 la diminuarea aspectului porilor dilata\u021bi \u0219i la eliminarea celulelor moarte.<\/li>\n\n\n\n<li><strong>Textur\u0103 Uniform\u0103:<\/strong> Stimuleaz\u0103 regenerarea celular\u0103 natural\u0103, l\u0103s\u00e2nd pielea mai fin\u0103.<\/li>\n\n\n\n<li><strong>Siguran\u021b\u0103:<\/strong> Formula \u201eMild\u201d este testat\u0103 dermatologic pentru a minimiza riscul de irita\u021bii, fiind o alternativ\u0103 bl\u00e2nd\u0103 la tratamentele profesionale de microneedling.<\/li>\n<\/ul>\n\n\n\n<h3 class=\"wp-block-heading\">Recomand\u0103ri de Utilizare<\/h3>\n\n\n\n<ol start=\"1\" class=\"wp-block-list\">\n<li>Aplica\u021bi <strong>Pasul 1<\/strong> pe fa\u021ba curat\u0103 \u0219i uscat\u0103, mas\u00e2nd u\u0219or p\u00e2n\u0103 la absorb\u021bie.<\/li>\n\n\n\n<li>Aplica\u021bi imediat <strong>Pasul 2<\/strong> (masca \u0219erve\u021bel) \u0219i l\u0103sa\u021bi-o s\u0103 ac\u021bioneze <strong>10-20 de minute<\/strong>.<\/li>\n\n\n\n<li>Dup\u0103 \u00eendep\u0103rtare, tapota\u021bi esen\u021ba r\u0103mas\u0103.<\/li>\n\n\n\n<li><strong>Aten\u021bie:<\/strong> Nu utiliza\u021bi pe zone cu r\u0103ni deschise sau imediat dup\u0103 proceduri estetice invazive. Este esen\u021bial s\u0103 aplica\u021bi protec\u021bie solar\u0103 \u00een ziua urm\u0103toare.<\/li>\n<\/ol>\n","protected":false},"excerpt":{"rendered":"<p>masc\u0103 \u00een doi pa\u0219i\u00a0 conceput\u0103 dup\u0103 o tehnologie de micro-stimulare pentru a \u201edeschide\u201d c\u0103ile de absorb\u021bie ale pielii, fiind ideal pentru persoanele cu ten sensibil care doresc un efect de regenerare profund\u0103<\/p>\n","protected":false},"featured_media":70084,"comment_status":"open","ping_status":"closed","template":"","meta":{"_acf_changed":false},"product_brand":[700],"product_cat":[540,624,544,542,572,543],"product_tag":[],"class_list":{"0":"post-70079","1":"product","2":"type-product","3":"status-publish","4":"has-post-thumbnail","6":"product_brand-vt","7":"product_cat-bestseller","8":"product_cat-ingrediente-active","9":"product_cat-ingrijire-fata","10":"product_cat-masti-pentru-fata","11":"product_cat-nou","12":"product_cat-oferte","14":"first","15":"instock","16":"sale","17":"shipping-taxable","18":"purchasable","19":"product-type-simple"},"acf":[],"tiered_pricing_type":"fixed","tiered_pricing_fixed_rules":[],"tiered_pricing_product_settings":{"layout":"default","base_unit_name":{"singular":null,"plural":null},"default_variation":null},"tiered_pricing_minimum_quantity":null,"tiered_pricing_roles_data":[],"tiered_pricing_percentage_rules":[],"tiered_pricing_maximum_quantity":null,"tiered_pricing_quantity_step":null,"_links":{"self":[{"href":"https:\/\/jeju.md\/ro\/wp-json\/wp\/v2\/product\/70079","targetHints":{"allow":["GET"]}}],"collection":[{"href":"https:\/\/jeju.md\/ro\/wp-json\/wp\/v2\/product"}],"about":[{"href":"https:\/\/jeju.md\/ro\/wp-json\/wp\/v2\/types\/product"}],"replies":[{"embeddable":true,"href":"https:\/\/jeju.md\/ro\/wp-json\/wp\/v2\/comments?post=70079"}],"version-history":[{"count":2,"href":"https:\/\/jeju.md\/ro\/wp-json\/wp\/v2\/product\/70079\/revisions"}],"predecessor-version":[{"id":70086,"href":"https:\/\/jeju.md\/ro\/wp-json\/wp\/v2\/product\/70079\/revisions\/70086"}],"wp:featuredmedia":[{"embeddable":true,"href":"https:\/\/jeju.md\/ro\/wp-json\/wp\/v2\/media\/70084"}],"wp:attachment":[{"href":"https:\/\/jeju.md\/ro\/wp-json\/wp\/v2\/media?parent=70079"}],"wp:term":[{"taxonomy":"product_brand","embeddable":true,"href":"https:\/\/jeju.md\/ro\/wp-json\/wp\/v2\/product_brand?post=70079"},{"taxonomy":"product_cat","embeddable":true,"href":"https:\/\/jeju.md\/ro\/wp-json\/wp\/v2\/product_cat?post=70079"},{"taxonomy":"product_tag","embeddable":true,"href":"https:\/\/jeju.md\/ro\/wp-json\/wp\/v2\/product_tag?post=70079"}],"curies":[{"name":"wp","href":"https:\/\/api.w.org\/{rel}","templated":true}]}}