{"id":69996,"date":"2026-03-17T20:15:12","date_gmt":"2026-03-17T18:15:12","guid":{"rendered":"https:\/\/jeju.md\/?post_type=product&#038;p=69996"},"modified":"2026-03-23T20:48:47","modified_gmt":"2026-03-23T18:48:47","slug":"missha-super-aqua-ultra-hyalron-peeling-gel-100ml","status":"publish","type":"product","link":"https:\/\/jeju.md\/ro\/catalog\/altele\/bestseller\/missha-super-aqua-ultra-hyalron-peeling-gel-100ml\/","title":{"rendered":"MISSHA Super Aqua Ultra Hyalron Peeling Gel 100ml"},"content":{"rendered":"\n<p><strong>MISSHA Super Aqua Ultra Hyalron Peeling Gel<\/strong> este solu\u021bia ideal\u0103 pentru a ob\u021bine o piele incredibil de fin\u0103, luminoas\u0103 \u0219i curat\u0103, f\u0103r\u0103 irita\u021biile cauzate de scruburile tradi\u021bionale.<\/p>\n\n\n\n<h3 class=\"wp-block-heading\">MISSHA Super Aqua Ultra Hyalron Peeling Gel<\/h3>\n\n\n\n<p>Acest gel de tip gomaj nu doar exfoliaz\u0103, ci \u0219i \u201einfuzeaz\u0103\u201d pielea hidrat\u00e2nd \u00een timp ce lucreaz\u0103.<\/p>\n\n\n\n<ul class=\"wp-block-list\">\n<li><strong>Hidratare Multistrat:<\/strong> Con\u021bine un complex revolu\u021bionar de <strong>10 tipuri de Acid Hialuronic<\/strong> cu greut\u0103\u021bi moleculare diferite, care p\u0103trund \u00een straturile ad\u00e2nci ale epidermei.<\/li>\n\n\n\n<li><strong>Exfoliere \u201eSmart\u201d:<\/strong> Particulele de celuloz\u0103 natural\u0103 atrag celulele moarte \u0219i impurit\u0103\u021bile, form\u00e2nd mici scame care se cl\u0103tesc u\u0219or, l\u0103s\u00e2nd porii cur\u0103\u021ba\u021bi \u00een profunzime.<\/li>\n\n\n\n<li><strong>Efect de Iluminare:<\/strong> Complexul de str\u0103lucire (Brightening Complex) ajut\u0103 la uniformizarea nuan\u021bei tenului \u0219i la eliminarea aspectului tern.<\/li>\n\n\n\n<li><strong>Protec\u021bie pentru Ten Sensibil:<\/strong> Formula este testat\u0103 dermatologic \u0219i conceput\u0103 s\u0103 calmeze pielea, fiind potrivit\u0103 chiar \u0219i pentru cele mai delicate tenuri.<\/li>\n<\/ul>\n\n\n\n<p>Formula produsului <strong>MISSHA Super Aqua Ultra Hyalron Peeling Gel<\/strong> se remarc\u0103 printr-o sinergie \u00eentre exfolierea mecanic\u0103 bl\u00e2nd\u0103 \u0219i hidratarea profund\u0103, av\u00e2nd ca vedet\u0103 un complex de <strong>10 tipuri de Acid Hialuronic<\/strong> cu greut\u0103\u021bi moleculare diferite, care asigur\u0103 reten\u021bia umidit\u0103\u021bii \u00een toate straturile pielii \u0219i previne senza\u021bia de \u201estr\u00e2ngere\u201d dup\u0103 cur\u0103\u021bare. <\/p>\n\n\n\n<figure class=\"wp-block-image aligncenter size-full is-resized\"><img fetchpriority=\"high\" decoding=\"async\" width=\"526\" height=\"697\" src=\"https:\/\/jeju.md\/wp-content\/uploads\/2026\/03\/image-2.png\" alt=\"\" class=\"wp-image-69997\" style=\"width:399px;height:auto\" srcset=\"https:\/\/jeju.md\/wp-content\/uploads\/2026\/03\/image-2.png 526w, https:\/\/jeju.md\/wp-content\/uploads\/2026\/03\/image-2-226x300.png 226w, https:\/\/jeju.md\/wp-content\/uploads\/2026\/03\/image-2-9x12.png 9w, https:\/\/jeju.md\/wp-content\/uploads\/2026\/03\/image-2-441x584.png 441w, https:\/\/jeju.md\/wp-content\/uploads\/2026\/03\/image-2-300x398.png 300w, https:\/\/jeju.md\/wp-content\/uploads\/2026\/03\/image-2-150x199.png 150w\" sizes=\"(max-width: 526px) 100vw, 526px\" \/><\/figure>\n\n\n\n<p><strong>Celuloza natural\u0103<\/strong> ac\u021bioneaz\u0103 ca agent de gomaj, elimin\u00e2nd delicat celulele moarte \u0219i impurit\u0103\u021bile de la suprafa\u021b\u0103 f\u0103r\u0103 a zg\u00e2ria tenul <\/p>\n\n\n\n<p><strong>Extractul de semin\u021be de Soia (Glycine Soja)<\/strong> \u0219i <strong>Extractul de r\u0103d\u0103cin\u0103 de Bujor (Paeonia Suffruticosa)<\/strong> ofer\u0103 propriet\u0103\u021bi antioxidante \u0219i calmante, protej\u00e2nd bariera cutanat\u0103. <\/p>\n\n\n\n<p>Mixul revitalizant de uleiuri esen\u021biale, precum cel de <strong>Portocal\u0103 (Citrus Aurantium Dulcis)<\/strong>, <strong>Lavand\u0103<\/strong> \u0219i <strong>L\u0103m\u00e2ie<\/strong>, contribuie la iluminarea vizibil\u0103 a tenului \u0219i la uniformizarea texturii, oferind \u00een acela\u0219i timp o experien\u021b\u0103 senzorial\u0103 revigorant\u0103 \u0219i un aspect de piele \u201eproasp\u0103t\u0103\u201d \u0219i luminoas\u0103.<\/p>\n\n\n\n<p><\/p>\n\n\n\n<figure class=\"wp-block-image aligncenter size-full is-resized\"><img decoding=\"async\" width=\"697\" height=\"916\" src=\"https:\/\/jeju.md\/wp-content\/uploads\/2026\/03\/image-3.png\" alt=\"\" class=\"wp-image-69999\" style=\"width:599px;height:auto\" srcset=\"https:\/\/jeju.md\/wp-content\/uploads\/2026\/03\/image-3.png 697w, https:\/\/jeju.md\/wp-content\/uploads\/2026\/03\/image-3-228x300.png 228w, https:\/\/jeju.md\/wp-content\/uploads\/2026\/03\/image-3-9x12.png 9w, https:\/\/jeju.md\/wp-content\/uploads\/2026\/03\/image-3-441x580.png 441w, https:\/\/jeju.md\/wp-content\/uploads\/2026\/03\/image-3-300x394.png 300w, https:\/\/jeju.md\/wp-content\/uploads\/2026\/03\/image-3-150x197.png 150w\" sizes=\"(max-width: 697px) 100vw, 697px\" \/><\/figure>\n\n\n\n<p><\/p>\n\n\n\n<h3 class=\"wp-block-heading\">Mod de aplicare<\/h3>\n\n\n\n<p>Pentru a ob\u021bine o piele catifelat\u0103 \u00een doar 2 minute, urmeaz\u0103 ace\u0219ti pa\u0219i:<\/p>\n\n\n\n<ol start=\"1\" class=\"wp-block-list\">\n<li><strong>Preg\u0103tire:<\/strong> Dup\u0103 demachiere \u0219i cur\u0103\u021bare, <strong>tapoteaz\u0103 fa\u021ba cu un prosop<\/strong> p\u00e2n\u0103 c\u00e2nd este complet uscat\u0103.<\/li>\n\n\n\n<li><strong>Aplicare:<\/strong> Distribuie o cantitate mic\u0103 de gel pe palmele uscate \u0219i aplic\u0103-l pe fa\u021b\u0103, evit\u00e2nd zona ochilor \u0219i a buzelor.<\/li>\n\n\n\n<li><strong>Activare:<\/strong> Maseaz\u0103 delicat cu mi\u0219c\u0103ri circulare. Vei sim\u021bi cum produsul \u00eencepe s\u0103 se \u201eadune\u201d, colect\u00e2nd impurit\u0103\u021bile \u0219i celulele moarte.<\/li>\n\n\n\n<li><strong>Finalizare:<\/strong> Cl\u0103te\u0219te bine cu ap\u0103 c\u0103ldu\u021b\u0103. Pielea va fi instantaneu mai fin\u0103 \u0219i gata s\u0103 absoarb\u0103 mult mai eficient urm\u0103torii pa\u0219i din rutina ta (toner, ser sau esen\u021b\u0103).<\/li>\n<\/ol>\n\n\n\n<p><\/p>\n","protected":false},"excerpt":{"rendered":"<p data-path-to-node=\"0\">exfoliant de tip gomaj, extrem de delicat, care combin\u0103 puterea de cur\u0103\u021bare a celulozei naturale cu hidratarea intens\u0103 a celor 10 tipuri de acid hialuronic,\u00a0\u00eendep\u0103rteaz\u0103 eficient celulele moarte \u0219i impurit\u0103\u021bile f\u0103r\u0103 a agresa bariera cutanat\u0103, l\u0103s\u00e2nd tenul vizibil mai luminos, neted \u0219i perfect preg\u0103tit pentru absorb\u021bia produselor de \u00eengrijire ulterioare.<\/p>\n","protected":false},"featured_media":69998,"comment_status":"open","ping_status":"closed","template":"","meta":{"_acf_changed":false},"product_brand":[652],"product_cat":[565,540,548,553,566,624,544,572,543,547,557],"product_tag":[],"class_list":{"0":"post-69996","1":"product","2":"type-product","3":"status-publish","4":"has-post-thumbnail","6":"product_brand-missha","7":"product_cat-acid-hialuronic","8":"product_cat-bestseller","9":"product_cat-curatare","10":"product_cat-demachiant","11":"product_cat-gel-si-scrub","12":"product_cat-ingrediente-active","13":"product_cat-ingrijire-fata","14":"product_cat-nou","15":"product_cat-oferte","16":"product_cat-peeling-si-paduri","17":"product_cat-pentru-corp","19":"first","20":"instock","21":"sale","22":"shipping-taxable","23":"purchasable","24":"product-type-simple"},"acf":[],"tiered_pricing_type":"fixed","tiered_pricing_fixed_rules":[],"tiered_pricing_product_settings":{"layout":"default","base_unit_name":{"singular":null,"plural":null},"default_variation":null},"tiered_pricing_minimum_quantity":null,"tiered_pricing_roles_data":[],"tiered_pricing_percentage_rules":[],"tiered_pricing_maximum_quantity":null,"tiered_pricing_quantity_step":null,"_links":{"self":[{"href":"https:\/\/jeju.md\/ro\/wp-json\/wp\/v2\/product\/69996","targetHints":{"allow":["GET"]}}],"collection":[{"href":"https:\/\/jeju.md\/ro\/wp-json\/wp\/v2\/product"}],"about":[{"href":"https:\/\/jeju.md\/ro\/wp-json\/wp\/v2\/types\/product"}],"replies":[{"embeddable":true,"href":"https:\/\/jeju.md\/ro\/wp-json\/wp\/v2\/comments?post=69996"}],"version-history":[{"count":2,"href":"https:\/\/jeju.md\/ro\/wp-json\/wp\/v2\/product\/69996\/revisions"}],"predecessor-version":[{"id":70001,"href":"https:\/\/jeju.md\/ro\/wp-json\/wp\/v2\/product\/69996\/revisions\/70001"}],"wp:featuredmedia":[{"embeddable":true,"href":"https:\/\/jeju.md\/ro\/wp-json\/wp\/v2\/media\/69998"}],"wp:attachment":[{"href":"https:\/\/jeju.md\/ro\/wp-json\/wp\/v2\/media?parent=69996"}],"wp:term":[{"taxonomy":"product_brand","embeddable":true,"href":"https:\/\/jeju.md\/ro\/wp-json\/wp\/v2\/product_brand?post=69996"},{"taxonomy":"product_cat","embeddable":true,"href":"https:\/\/jeju.md\/ro\/wp-json\/wp\/v2\/product_cat?post=69996"},{"taxonomy":"product_tag","embeddable":true,"href":"https:\/\/jeju.md\/ro\/wp-json\/wp\/v2\/product_tag?post=69996"}],"curies":[{"name":"wp","href":"https:\/\/api.w.org\/{rel}","templated":true}]}}